{"id":840,"date":"2025-01-08T10:41:30","date_gmt":"2025-01-08T10:41:30","guid":{"rendered":"https:\/\/startersites.io\/elementor\/smart-home\/?page_id=840"},"modified":"2025-07-25T10:48:32","modified_gmt":"2025-07-25T10:48:32","slug":"chi-siamo","status":"publish","type":"page","link":"https:\/\/maiwatch.it\/en\/chi-siamo\/","title":{"rendered":"About"},"content":{"rendered":"<div data-elementor-type=\"wp-page\" data-elementor-id=\"840\" class=\"elementor elementor-840\">\n\t\t\t\t<div class=\"elementor-element elementor-element-0c7ac84 e-flex e-con-boxed e-con e-parent\" data-id=\"0c7ac84\" data-element_type=\"container\" data-e-type=\"container\" data-settings=\"{&quot;background_background&quot;:&quot;classic&quot;}\">\n\t\t\t\t\t<div class=\"e-con-inner\">\n\t\t\t\t<div class=\"elementor-element elementor-element-2365b5d elementor-widget elementor-widget-heading\" data-id=\"2365b5d\" data-element_type=\"widget\" data-e-type=\"widget\" data-widget_type=\"heading.default\">\n\t\t\t\t<div class=\"elementor-widget-container\">\n\t\t\t\t\t<h1 class=\"elementor-heading-title elementor-size-default\">About<\/h1>\t\t\t\t<\/div>\n\t\t\t\t<\/div>\n\t\t\t\t\t<\/div>\n\t\t\t\t<\/div>\n\t\t<div class=\"elementor-element elementor-element-04885fe e-grid e-con-boxed e-con e-parent\" data-id=\"04885fe\" data-element_type=\"container\" data-e-type=\"container\">\n\t\t\t\t\t<div class=\"e-con-inner\">\n\t\t<div class=\"elementor-element elementor-element-b17cd97 e-con-full e-flex e-con e-child\" data-id=\"b17cd97\" data-element_type=\"container\" data-e-type=\"container\">\n\t\t\t\t<div class=\"elementor-element elementor-element-49c9948 elementor-widget elementor-widget-heading\" data-id=\"49c9948\" data-element_type=\"widget\" data-e-type=\"widget\" data-widget_type=\"heading.default\">\n\t\t\t\t<div class=\"elementor-widget-container\">\n\t\t\t\t\t<h1 class=\"elementor-heading-title elementor-size-default\">MaiWatch Smartwatch<\/h1>\t\t\t\t<\/div>\n\t\t\t\t<\/div>\n\t\t\t\t<div class=\"elementor-element elementor-element-58ae229 elementor-widget elementor-widget-heading\" data-id=\"58ae229\" data-element_type=\"widget\" data-e-type=\"widget\" data-widget_type=\"heading.default\">\n\t\t\t\t<div class=\"elementor-widget-container\">\n\t\t\t\t\t<h2 class=\"elementor-heading-title elementor-size-default\">Elegance Meets Innovation. On Your Wrist.<\/h2>\t\t\t\t<\/div>\n\t\t\t\t<\/div>\n\t\t<div class=\"elementor-element elementor-element-49ac44b e-grid e-con-full e-con e-child\" data-id=\"49ac44b\" data-element_type=\"container\" data-e-type=\"container\">\n\t\t\t\t<div class=\"elementor-element elementor-element-7931439 elementor-widget elementor-widget-text-editor\" data-id=\"7931439\" data-element_type=\"widget\" data-e-type=\"widget\" data-widget_type=\"text-editor.default\">\n\t\t\t\t<div class=\"elementor-widget-container\">\n\t\t\t\t\t\t\t\t\t<p data-start=\"197\" data-end=\"372\">Our journey started in 1948, rooted deep in the rich tradition of Italian goldsmithing and jewelry craftsmanship. It is from this heritage of passion for detail, beauty, and precision that MaiWatch was born.<\/p><p data-start=\"197\" data-end=\"372\">Blending tradition with modernity, we set out to create more than just a timepiece \u2014 our watches unite the timeless elegance of Italian design with cutting-edge smart technology.<\/p>\t\t\t\t\t\t\t\t<\/div>\n\t\t\t\t<\/div>\n\t\t\t\t<div class=\"elementor-element elementor-element-b06cfd6 elementor-widget elementor-widget-icon-box\" data-id=\"b06cfd6\" data-element_type=\"widget\" data-e-type=\"widget\" data-widget_type=\"icon-box.default\">\n\t\t\t\t<div class=\"elementor-widget-container\">\n\t\t\t\t\t\t\t<div class=\"elementor-icon-box-wrapper\">\n\n\t\t\t\n\t\t\t\t\t\t<div class=\"elementor-icon-box-content\">\n\n\t\t\t\t\t\t\t\t\t<h3 class=\"elementor-icon-box-title\">\n\t\t\t\t\t\t<span  >\n\t\t\t\t\t\t\tBlending tradition with modernity\t\t\t\t\t\t<\/span>\n\t\t\t\t\t<\/h3>\n\t\t\t\t\n\t\t\t\t\t\t\t\t\t<p class=\"elementor-icon-box-description\">\n\t\t\t\t\t\tEach MWatch smartwatch is the culmination of decades of expertise, relentless research, and a love for refined aesthetics. It\u2019s not merely wearable tech; it\u2019s a statement piece \u2014 meticulously crafted to captivate, distinctive in style, and unmistakably Italian.\t\t\t\t\t<\/p>\n\t\t\t\t\n\t\t\t<\/div>\n\t\t\t\n\t\t<\/div>\n\t\t\t\t\t\t<\/div>\n\t\t\t\t<\/div>\n\t\t\t\t<div class=\"elementor-element elementor-element-425105f elementor-widget elementor-widget-icon-box\" data-id=\"425105f\" data-element_type=\"widget\" data-e-type=\"widget\" data-widget_type=\"icon-box.default\">\n\t\t\t\t<div class=\"elementor-widget-container\">\n\t\t\t\t\t\t\t<div class=\"elementor-icon-box-wrapper\">\n\n\t\t\t\n\t\t\t\t\t\t<div class=\"elementor-icon-box-content\">\n\n\t\t\t\t\t\t\t\t\t<h3 class=\"elementor-icon-box-title\">\n\t\t\t\t\t\t<span  >\n\t\t\t\t\t\t\tOur style transcends borders\t\t\t\t\t\t<\/span>\n\t\t\t\t\t<\/h3>\n\t\t\t\t\n\t\t\t\t\t\t\t\t\t<p class=\"elementor-icon-box-description\">\n\t\t\t\t\t\t. Through our worldwide ecommerce platform, we bring Italian flair and innovation directly to your doorstep, empowering those who dare to express themselves with a truly unique watch.\t\t\t\t\t<\/p>\n\t\t\t\t\n\t\t\t<\/div>\n\t\t\t\n\t\t<\/div>\n\t\t\t\t\t\t<\/div>\n\t\t\t\t<\/div>\n\t\t\t\t<\/div>\n\t\t\t\t<\/div>\n\t\t<div class=\"elementor-element elementor-element-7f7e472 e-con-full e-flex e-con e-child\" data-id=\"7f7e472\" data-element_type=\"container\" data-e-type=\"container\">\n\t\t\t\t<div class=\"elementor-element elementor-element-39d417a elementor-widget elementor-widget-image\" data-id=\"39d417a\" data-element_type=\"widget\" data-e-type=\"widget\" data-widget_type=\"image.default\">\n\t\t\t\t<div class=\"elementor-widget-container\">\n\t\t\t\t\t\t\t\t\t\t\t\t\t\t\t<img fetchpriority=\"high\" decoding=\"async\" width=\"936\" height=\"930\" src=\"https:\/\/maiwatch.it\/wp-content\/uploads\/2025\/06\/Screenshot-2025-06-17-alle-12.42.12.png\" class=\"attachment-large size-large wp-image-2413\" alt=\"\" srcset=\"https:\/\/maiwatch.it\/wp-content\/uploads\/2025\/06\/Screenshot-2025-06-17-alle-12.42.12.png 936w, https:\/\/maiwatch.it\/wp-content\/uploads\/2025\/06\/Screenshot-2025-06-17-alle-12.42.12-100x100.png 100w, https:\/\/maiwatch.it\/wp-content\/uploads\/2025\/06\/Screenshot-2025-06-17-alle-12.42.12-600x596.png 600w, https:\/\/maiwatch.it\/wp-content\/uploads\/2025\/06\/Screenshot-2025-06-17-alle-12.42.12-300x298.png 300w, https:\/\/maiwatch.it\/wp-content\/uploads\/2025\/06\/Screenshot-2025-06-17-alle-12.42.12-150x150.png 150w, https:\/\/maiwatch.it\/wp-content\/uploads\/2025\/06\/Screenshot-2025-06-17-alle-12.42.12-768x763.png 768w, https:\/\/maiwatch.it\/wp-content\/uploads\/2025\/06\/Screenshot-2025-06-17-alle-12.42.12-12x12.png 12w\" sizes=\"(max-width: 936px) 100vw, 936px\" \/>\t\t\t\t\t\t\t\t\t\t\t\t\t\t\t<\/div>\n\t\t\t\t<\/div>\n\t\t\t\t<\/div>\n\t\t\t\t\t<\/div>\n\t\t\t\t<\/div>\n\t\t\t\t<\/div>","protected":false},"excerpt":{"rendered":"<p>Chi siamo MaiWatch Smartwatch Eleganza e Innovazione. Al Polso Tuo. Il nostro viaggio inizia nel 1948, radicato nella profonda tradizione dell\u2019arte orafa e della gioielleria italiana. Da questa eredit\u00e0 di passione per il dettaglio, la bellezza e la precisione nasce MaiWatch. Unendo tradizione e modernit\u00e0, abbiamo voluto creare pi\u00f9 di un semplice orologio, i nostri [&hellip;]<\/p>\n","protected":false},"author":1,"featured_media":0,"parent":0,"menu_order":0,"comment_status":"closed","ping_status":"closed","template":"","meta":{"footnotes":""},"class_list":["post-840","page","type-page","status-publish","hentry"],"blocksy_meta":{"has_hero_section":"disabled","vertical_spacing_source":"custom","content_area_spacing":"none","styles_descriptor":{"styles":{"desktop":"","tablet":"","mobile":""},"google_fonts":[],"version":6}},"jetpack_sharing_enabled":true,"_links":{"self":[{"href":"https:\/\/maiwatch.it\/en\/wp-json\/wp\/v2\/pages\/840","targetHints":{"allow":["GET"]}}],"collection":[{"href":"https:\/\/maiwatch.it\/en\/wp-json\/wp\/v2\/pages"}],"about":[{"href":"https:\/\/maiwatch.it\/en\/wp-json\/wp\/v2\/types\/page"}],"author":[{"embeddable":true,"href":"https:\/\/maiwatch.it\/en\/wp-json\/wp\/v2\/users\/1"}],"replies":[{"embeddable":true,"href":"https:\/\/maiwatch.it\/en\/wp-json\/wp\/v2\/comments?post=840"}],"version-history":[{"count":55,"href":"https:\/\/maiwatch.it\/en\/wp-json\/wp\/v2\/pages\/840\/revisions"}],"predecessor-version":[{"id":2941,"href":"https:\/\/maiwatch.it\/en\/wp-json\/wp\/v2\/pages\/840\/revisions\/2941"}],"wp:attachment":[{"href":"https:\/\/maiwatch.it\/en\/wp-json\/wp\/v2\/media?parent=840"}],"curies":[{"name":"wp","href":"https:\/\/api.w.org\/{rel}","templated":true}]}}